{"id":547,"date":"2023-08-30T15:36:55","date_gmt":"2023-08-30T13:36:55","guid":{"rendered":"https:\/\/palaceresidence.it\/?page_id=547"},"modified":"2023-08-30T15:37:47","modified_gmt":"2023-08-30T13:37:47","slug":"privacy-policy-3","status":"publish","type":"page","link":"https:\/\/palaceresidence.it\/fr\/privacy-policy-3\/","title":{"rendered":"Privacy Policy"},"content":{"rendered":"<h1 class=\"privacy-policy-h1\">Politique de Confidentialit\u00e9<\/h1>\n<p>Derni\u00e8re Mise \u00e0 Jour le 30-ao\u00fbt-2023<br \/>\nDate d&rsquo;Entr\u00e9e en Vigueur le 30-ao\u00fbt-2023<\/p>\n<p class=\"privacy-policy-p\">\n    Cette Politique de Confidentialit\u00e9 d\u00e9crit les politiques de<\/p>\n<p>    COGIM Srl,<br \/>\n    Palace Residence Sestriere Via Monterotta, 18  Sestriere,<br \/>\n    Torino<br \/>\n    10058,<br \/>\n    Italie,<br \/>\n    email: info@palaceresidence.com,<br \/>\n    t\u00e9l\u00e9phone: +39 0122 76876<\/p>\n<p>    concernant la collecte,<br \/>\n    l&rsquo;utilisation et la divulgation de vos informations que nous recueillons<br \/>\n    lorsque vous utilisez notre site web ( https:\/\/palaceresidence.it ).<br \/>\n    (le \u00ab\u00a0Service\u00a0\u00bb). En acc\u00e9dant ou en utilisant<br \/>\n    le<br \/>\n    Service, vous consentez \u00e0 la collecte, \u00e0 l&rsquo;utilisation et \u00e0 la<br \/>\n    divulgation de vos informations conform\u00e9ment \u00e0 cette<br \/>\n    Politique de Confidentialit\u00e9. Si vous n&rsquo;y consentez pas,<br \/>\n    veuillez ne pas acc\u00e9der ou utiliser le Service.\n<\/p>\n<p class=\"privacy-policy-p\">\n    Nous pouvons modifier cette Politique de Confidentialit\u00e9 \u00e0 tout moment sans<br \/>\n    aucun pr\u00e9avis et publierons la Politique de Confidentialit\u00e9 r\u00e9vis\u00e9e sur le Service. La Politique r\u00e9vis\u00e9e sera<br \/>\n    effective 180 jours \u00e0 partir de la date o\u00f9 la<br \/>\n    Politique r\u00e9vis\u00e9e est publi\u00e9e sur le Service et votre<br \/>\n    acc\u00e8s continu ou utilisation du Service apr\u00e8s cette p\u00e9riode<br \/>\n    constituera votre acceptation de la Politique de Confidentialit\u00e9 r\u00e9vis\u00e9e. Nous vous recommandons donc de revoir p\u00e9riodiquement cette page.\n<\/p>\n<ol class=\"privacy-policy-ol\">\n<li>\n<h2 class=\"privacy-policy-h2\">\n            Informations que Nous Recueillons:<br \/>\n        <\/h2>\n<p class=\"privacy-policy-p\">\n            Nous recueillerons et traiterons les informations personnelles suivantes vous concernant:\n        <\/p>\n<ol class=\"privacy-policy-ol\">\n<li>Nom<\/li>\n<li>Email<\/li>\n<li>T\u00e9l\u00e9phone Portable<\/li>\n<li>Profil sur les R\u00e9seaux Sociaux<\/li>\n<li>Date de Naissance<\/li>\n<li>Adresse<\/li>\n<li>Adresse de Travail<\/li>\n<li>Informations de Paiement<\/li>\n<\/ol>\n<\/li>\n<li>\n<h2 class=\"privacy-policy-h2\">\n            Comment Nous Utilisons Vos Informations:<br \/>\n        <\/h2>\n<p class=\"privacy-policy-p\">\n            Nous utiliserons les informations que nous recueillons<br \/>\n            vous concernant pour les finalit\u00e9s suivantes:\n        <\/p>\n<ol class=\"privacy-policy-ol\">\n<li>Marketing\/Promotion<\/li>\n<li>Cr\u00e9ation de compte utilisateur<\/li>\n<li>T\u00e9moignages<\/li>\n<li>Collecte de commentaires des clients<\/li>\n<li>Application des Conditions G\u00e9n\u00e9rales<\/li>\n<li>Traitement des paiements<\/li>\n<li>Support<\/li>\n<li>Informations d&rsquo;administration<\/li>\n<li>Publicit\u00e9 cibl\u00e9e<\/li>\n<li>Gestion des commandes des clients<\/li>\n<li>Protection du site<\/li>\n<li>Commentaires d&rsquo;utilisateur \u00e0 utilisateur<\/li>\n<li>R\u00e9solution des litiges<\/li>\n<li>Gestion du compte utilisateur<\/li>\n<\/ol>\n<p class=\"privacy-policy-p\">\n            Si nous souhaitons utiliser vos informations \u00e0 d&rsquo;autres fins,<br \/>\n            nous vous demanderons votre consentement et n&rsquo;utiliserons vos informations qu&rsquo;apr\u00e8s avoir obtenu votre<br \/>\n            consentement, et ce seulement pour la\/les finalit\u00e9(s)<br \/>\n            pour lesquelles vous avez donn\u00e9 votre consentement, \u00e0 moins que la loi ne nous oblige \u00e0 faire<br \/>\n            autrement.\n        <\/p>\n<\/li>\n<li>\n<h2 class=\"privacy-policy-h2\">\n            Comment Nous Partageons Vos Informations:<br \/>\n        <\/h2>\n<p class=\"privacy-policy-p\">\n            Nous ne transf\u00e9rerons pas vos informations personnelles<br \/>\n            \u00e0 des tiers sans solliciter votre consentement,<br \/>\n            sauf dans des circonstances limit\u00e9es comme d\u00e9crit<br \/>\n            ci-dessous:\n        <\/p>\n<ol class=\"privacy-policy-ol\">\n<li>Service de publicit\u00e9<\/li>\n<li>Sponsors<\/li>\n<li>Agences de marketing<\/li>\n<li>Entit\u00e9s l\u00e9gales<\/li>\n<li>Analyse<\/li>\n<li>Services de r\u00e9cup\u00e9ration de paiement<\/li>\n<li>Collecte et traitement des donn\u00e9es<\/li>\n<\/ol>\n<p class=\"privacy-policy-p\">\n            Nous exigeons que de telles tiers utilisent les<br \/>\n            informations personnelles que nous leur transf\u00e9rons uniquement<br \/>\n            \u00e0 la finalit\u00e9 pour laquelle elles ont \u00e9t\u00e9 transf\u00e9r\u00e9es et<br \/>\n            ne les conservent pas plus longtemps que n\u00e9cessaire pour<br \/>\n            remplir ladite finalit\u00e9.\n        <\/p>\n<p class=\"privacy-policy-p\">\n            Nous pouvons \u00e9galement divulguer vos informations personnelles<br \/>\n            dans les cas suivants: (1) pour se conformer \u00e0 la loi applicable, la r\u00e9glementation, une ordonnance du tribunal ou autre processus juridique; (2) pour faire respecter vos accords avec nous, y compris cette Politique de Confidentialit\u00e9; ou (3) pour r\u00e9pondre \u00e0 des r\u00e9clamations selon lesquelles votre utilisation du Service enfreint les droits de tiers. Si le Service ou notre<br \/>\n            entreprise est fusionn\u00e9 ou acquis par une autre<br \/>\n            entreprise, vos informations seront l&rsquo;un des<br \/>\n            actifs transf\u00e9r\u00e9s au nouveau propri\u00e9taire.\n        <\/p>\n<\/li>\n<li>\n<h2 class=\"privacy-policy-h2\">\n            Conservation de Vos Informations:<br \/>\n        <\/h2>\n<p class=\"privacy-policy-p\">\n            Nous conserverons vos informations personnelles chez nous<br \/>\n            pour une p\u00e9riode de<br \/>\n            90 jours \u00e0 2 ans apr\u00e8s la fermeture des comptes d&rsquo;utilisateurs<br \/>\n            ou aussi longtemps que nous en aurons besoin pour remplir les finalit\u00e9s pour<br \/>\n            lesquelles elles ont \u00e9t\u00e9 recueillies, comme d\u00e9taill\u00e9 dans cette<br \/>\n            Politique de Confidentialit\u00e9. Nous pourrions avoir besoin de conserver certaines<br \/>\n            informations pendant des p\u00e9riodes plus longues, telles que<br \/>\n            la tenue de registres \/ rapports conform\u00e9ment \u00e0<br \/>\n            la loi applicable ou pour d&rsquo;autres raisons l\u00e9gitimes<br \/>\n            comme l&rsquo;application des droits l\u00e9gaux, la pr\u00e9vention de la fraude, etc. Les informations anonymes r\u00e9siduelles et les informations agr\u00e9g\u00e9es, qui ne vous identifient pas (directement ou indirectement), peuvent \u00eatre<br \/>\n            stock\u00e9es ind\u00e9finiment.\n        <\/p>\n<\/li>\n<li>\n<h2 class=\"privacy-policy-h2\">\n            Vos Droits:<br \/>\n        <\/h2>\n<p class=\"privacy-policy-p\">\n            Selon la loi applicable, vous pourriez avoir<br \/>\n            le droit d&rsquo;acc\u00e9der \u00e0 vos donn\u00e9es personnelles, de les rectifier ou de les supprimer, de recevoir une copie de vos donn\u00e9es personnelles, de limiter ou de vous opposer au traitement actif<br \/>\n            de vos donn\u00e9es, de nous demander de partager (transf\u00e9rer)<br \/>\n            vos informations personnelles \u00e0 une autre entit\u00e9,<br \/>\n            de r\u00e9voquer tout consentement que vous nous avez donn\u00e9 pour<br \/>\n            traiter vos donn\u00e9es, d&rsquo;avoir le droit de d\u00e9poser une plainte<br \/>\n            aupr\u00e8s d&rsquo;une autorit\u00e9 statutaire et d&rsquo;autres droits pertinents<br \/>\n            en vertu des lois applicables. Pour<br \/>\n            exercer ces droits, vous pouvez nous \u00e9crire \u00e0 l&rsquo;adresse<br \/>\n            info@palaceresidence.com.<br \/>\n            Nous r\u00e9pondrons \u00e0 votre<br \/>\n            demande conform\u00e9ment \u00e0 la loi applicable.\n        <\/p>\n<p class=\"privacy-policy-p\">\n            Notez que si vous ne nous permettez pas de recueillir<br \/>\n            ou de traiter les informations personnelles requises ou<br \/>\n            de r\u00e9voquer le consentement pour traiter ces informations aux<br \/>\n            fins requises, vous pourriez ne pas \u00eatre en mesure d&rsquo;acc\u00e9der<br \/>\n            ou d&rsquo;utiliser les services pour lesquels vos informations<br \/>\n            ont \u00e9t\u00e9 demand\u00e9es.\n        <\/p>\n<\/li>\n<li>\n<h2 class=\"privacy-policy-h2\">\n            Cookies, etc.<br \/>\n        <\/h2>\n<p class=\"privacy-policy-p\">\n<p>            Pour en savoir plus sur la mani\u00e8re dont nous utilisons ces<br \/>\n            technologies de suivi et sur vos choix concernant ces technologies de suivi, veuillez consulter notre<br \/>\n            <a href=\"https:\/\/palaceresidence.it\/cookie-policy\">Politique de Cookies.<\/a>\n        <\/p>\n<\/li>\n<li>\n<h2 class=\"privacy-policy-h2\">\n            S\u00e9curit\u00e9:<br \/>\n        <\/h2>\n<p class=\"privacy-policy-p\">\n            La s\u00e9curit\u00e9 de vos informations est importante pour<br \/>\n            nous et nous utiliserons des mesures de s\u00e9curit\u00e9 raisonnables<br \/>\n            pour emp\u00eacher la perte, l&rsquo;utilisation abusive ou la modification non autoris\u00e9e<br \/>\n            de vos informations sous notre<br \/>\n            contr\u00f4le. Cependant, compte tenu des risques inh\u00e9rents, nous<br \/>\n            ne pouvons garantir une s\u00e9curit\u00e9 absolue et,<br \/>\n            par cons\u00e9quent, nous ne pouvons assurer ni garantir la<br \/>\n            s\u00e9curit\u00e9 de toute information que vous nous transmettez<br \/>\n            et vous le faites \u00e0 vos propres risques.\n        <\/p>\n<\/li>\n<li>\n<h2 class=\"privacy-policy-h2\">\n            Liens de Tiers et Utilisation de Vos Informations:<br \/>\n        <\/h2>\n<p class=\"privacy-policy-p\">\n            Notre Service peut contenir des liens vers d&rsquo;autres sites web<br \/>\n            qui ne sont pas exploit\u00e9s par nous. Cette Politique de Confidentialit\u00e9<br \/>\n            ne traite pas de la politique de confidentialit\u00e9 et des autres<br \/>\n            pratiques de tiers, y compris tout<br \/>\n            tiers exploitant un site web ou un service<br \/>\n            accessible via un lien sur le<br \/>\n            Service. Nous vous recommandons vivement de consulter<br \/>\n            la politique de confidentialit\u00e9 de chaque site que vous visitez. Nous n&rsquo;avons<br \/>\n            aucun contr\u00f4le et n&rsquo;assumons aucune responsabilit\u00e9 quant au<br \/>\n            contenu, aux politiques de confidentialit\u00e9 ou aux pratiques de<br \/>\n            tout site ou service tiers.\n        <\/p>\n<\/li>\n<li>\n<h2 class=\"privacy-policy-h2\">\n            Plainte \/ D\u00e9l\u00e9gu\u00e9 \u00e0 la Protection des Donn\u00e9es:<br \/>\n        <\/h2>\n<p class=\"privacy-policy-p\">\n            Si vous avez des questions ou des pr\u00e9occupations concernant<br \/>\n            le traitement de vos informations disponibles<br \/>\n            chez nous, vous pouvez envoyer un e-mail \u00e0 notre D\u00e9l\u00e9gu\u00e9 aux Plaintes \u00e0<br \/>\n            COGIM Srl,<br \/>\n            Palace Residence Sestriere Via Monterotta, 18  Sestriere,<br \/>\n            email: info@palaceresidence.com.<br \/>\n            Nous traiterons vos pr\u00e9occupations conform\u00e9ment \u00e0 la loi applicable.\n        <\/p>\n<\/li>\n<\/ol>\n<p class=\"privacy-policy-p\">\n    Politique de Confidentialit\u00e9 g\u00e9n\u00e9r\u00e9e avec  <a target=\"_blank\" href=\"https:\/\/www.cookieyes.com\/?utm_source=PP&#038;utm_medium=footer&#038;utm_campaign=UW\" rel=\"noopener\">CookieYes<\/a>.<\/p>\n","protected":false},"excerpt":{"rendered":"<p>Politique de Confidentialit\u00e9 Derni\u00e8re Mise \u00e0 Jour le 30-ao\u00fbt-2023 Date d&rsquo;Entr\u00e9e en Vigueur le 30-ao\u00fbt-2023 Cette Politique de Confidentialit\u00e9 d\u00e9crit les politiques de COGIM Srl, Palace Residence Sestriere Via Monterotta, 18 Sestriere, Torino 10058, Italie, email: info@palaceresidence.com, t\u00e9l\u00e9phone: +39 0122<span class=\"excerpt-hellip\"> [\u2026]<\/span><\/p>\n","protected":false},"author":1,"featured_media":0,"parent":0,"menu_order":0,"comment_status":"closed","ping_status":"closed","template":"","meta":{"footnotes":""},"class_list":["post-547","page","type-page","status-publish","hentry"],"yoast_head":"<!-- This site is optimized with the Yoast SEO plugin v24.7 - https:\/\/yoast.com\/wordpress\/plugins\/seo\/ -->\n<title>Privacy Policy - palaceresidence.it<\/title>\n<meta name=\"robots\" content=\"index, follow, max-snippet:-1, max-image-preview:large, max-video-preview:-1\" \/>\n<link rel=\"canonical\" href=\"https:\/\/palaceresidence.it\/fr\/privacy-policy-3\/\" \/>\n<meta property=\"og:locale\" content=\"fr_FR\" \/>\n<meta property=\"og:type\" content=\"article\" \/>\n<meta property=\"og:title\" content=\"Privacy Policy - palaceresidence.it\" \/>\n<meta property=\"og:description\" content=\"Politique de Confidentialit\u00e9 Derni\u00e8re Mise \u00e0 Jour le 30-ao\u00fbt-2023 Date d&rsquo;Entr\u00e9e en Vigueur le 30-ao\u00fbt-2023 Cette Politique de Confidentialit\u00e9 d\u00e9crit les politiques de COGIM Srl, Palace Residence Sestriere Via Monterotta, 18 Sestriere, Torino 10058, Italie, email: info@palaceresidence.com, t\u00e9l\u00e9phone: +39 0122 [\u2026]\" \/>\n<meta property=\"og:url\" content=\"https:\/\/palaceresidence.it\/fr\/privacy-policy-3\/\" \/>\n<meta property=\"og:site_name\" content=\"palaceresidence.it\" \/>\n<meta property=\"article:modified_time\" content=\"2023-08-30T13:37:47+00:00\" \/>\n<meta name=\"twitter:card\" content=\"summary_large_image\" \/>\n<meta name=\"twitter:label1\" content=\"Dur\u00e9e de lecture estim\u00e9e\" \/>\n\t<meta name=\"twitter:data1\" content=\"6 minutes\" \/>\n<script type=\"application\/ld+json\" class=\"yoast-schema-graph\">{\"@context\":\"https:\/\/schema.org\",\"@graph\":[{\"@type\":\"WebPage\",\"@id\":\"https:\/\/palaceresidence.it\/fr\/privacy-policy-3\/\",\"url\":\"https:\/\/palaceresidence.it\/fr\/privacy-policy-3\/\",\"name\":\"Privacy Policy - palaceresidence.it\",\"isPartOf\":{\"@id\":\"https:\/\/palaceresidence.it\/#website\"},\"datePublished\":\"2023-08-30T13:36:55+00:00\",\"dateModified\":\"2023-08-30T13:37:47+00:00\",\"breadcrumb\":{\"@id\":\"https:\/\/palaceresidence.it\/fr\/privacy-policy-3\/#breadcrumb\"},\"inLanguage\":\"fr-FR\",\"potentialAction\":[{\"@type\":\"ReadAction\",\"target\":[\"https:\/\/palaceresidence.it\/fr\/privacy-policy-3\/\"]}]},{\"@type\":\"BreadcrumbList\",\"@id\":\"https:\/\/palaceresidence.it\/fr\/privacy-policy-3\/#breadcrumb\",\"itemListElement\":[{\"@type\":\"ListItem\",\"position\":1,\"name\":\"Home\",\"item\":\"https:\/\/palaceresidence.it\/fr\/home-fr\/\"},{\"@type\":\"ListItem\",\"position\":2,\"name\":\"Privacy Policy\"}]},{\"@type\":\"WebSite\",\"@id\":\"https:\/\/palaceresidence.it\/#website\",\"url\":\"https:\/\/palaceresidence.it\/\",\"name\":\"palaceresidence.it\",\"description\":\"\",\"potentialAction\":[{\"@type\":\"SearchAction\",\"target\":{\"@type\":\"EntryPoint\",\"urlTemplate\":\"https:\/\/palaceresidence.it\/?s={search_term_string}\"},\"query-input\":{\"@type\":\"PropertyValueSpecification\",\"valueRequired\":true,\"valueName\":\"search_term_string\"}}],\"inLanguage\":\"fr-FR\"}]}<\/script>\n<!-- \/ Yoast SEO plugin. -->","yoast_head_json":{"title":"Privacy Policy - palaceresidence.it","robots":{"index":"index","follow":"follow","max-snippet":"max-snippet:-1","max-image-preview":"max-image-preview:large","max-video-preview":"max-video-preview:-1"},"canonical":"https:\/\/palaceresidence.it\/fr\/privacy-policy-3\/","og_locale":"fr_FR","og_type":"article","og_title":"Privacy Policy - palaceresidence.it","og_description":"Politique de Confidentialit\u00e9 Derni\u00e8re Mise \u00e0 Jour le 30-ao\u00fbt-2023 Date d&rsquo;Entr\u00e9e en Vigueur le 30-ao\u00fbt-2023 Cette Politique de Confidentialit\u00e9 d\u00e9crit les politiques de COGIM Srl, Palace Residence Sestriere Via Monterotta, 18 Sestriere, Torino 10058, Italie, email: info@palaceresidence.com, t\u00e9l\u00e9phone: +39 0122 [\u2026]","og_url":"https:\/\/palaceresidence.it\/fr\/privacy-policy-3\/","og_site_name":"palaceresidence.it","article_modified_time":"2023-08-30T13:37:47+00:00","twitter_card":"summary_large_image","twitter_misc":{"Dur\u00e9e de lecture estim\u00e9e":"6 minutes"},"schema":{"@context":"https:\/\/schema.org","@graph":[{"@type":"WebPage","@id":"https:\/\/palaceresidence.it\/fr\/privacy-policy-3\/","url":"https:\/\/palaceresidence.it\/fr\/privacy-policy-3\/","name":"Privacy Policy - palaceresidence.it","isPartOf":{"@id":"https:\/\/palaceresidence.it\/#website"},"datePublished":"2023-08-30T13:36:55+00:00","dateModified":"2023-08-30T13:37:47+00:00","breadcrumb":{"@id":"https:\/\/palaceresidence.it\/fr\/privacy-policy-3\/#breadcrumb"},"inLanguage":"fr-FR","potentialAction":[{"@type":"ReadAction","target":["https:\/\/palaceresidence.it\/fr\/privacy-policy-3\/"]}]},{"@type":"BreadcrumbList","@id":"https:\/\/palaceresidence.it\/fr\/privacy-policy-3\/#breadcrumb","itemListElement":[{"@type":"ListItem","position":1,"name":"Home","item":"https:\/\/palaceresidence.it\/fr\/home-fr\/"},{"@type":"ListItem","position":2,"name":"Privacy Policy"}]},{"@type":"WebSite","@id":"https:\/\/palaceresidence.it\/#website","url":"https:\/\/palaceresidence.it\/","name":"palaceresidence.it","description":"","potentialAction":[{"@type":"SearchAction","target":{"@type":"EntryPoint","urlTemplate":"https:\/\/palaceresidence.it\/?s={search_term_string}"},"query-input":{"@type":"PropertyValueSpecification","valueRequired":true,"valueName":"search_term_string"}}],"inLanguage":"fr-FR"}]}},"_links":{"self":[{"href":"https:\/\/palaceresidence.it\/fr\/wp-json\/wp\/v2\/pages\/547","targetHints":{"allow":["GET"]}}],"collection":[{"href":"https:\/\/palaceresidence.it\/fr\/wp-json\/wp\/v2\/pages"}],"about":[{"href":"https:\/\/palaceresidence.it\/fr\/wp-json\/wp\/v2\/types\/page"}],"author":[{"embeddable":true,"href":"https:\/\/palaceresidence.it\/fr\/wp-json\/wp\/v2\/users\/1"}],"replies":[{"embeddable":true,"href":"https:\/\/palaceresidence.it\/fr\/wp-json\/wp\/v2\/comments?post=547"}],"version-history":[{"count":2,"href":"https:\/\/palaceresidence.it\/fr\/wp-json\/wp\/v2\/pages\/547\/revisions"}],"predecessor-version":[{"id":550,"href":"https:\/\/palaceresidence.it\/fr\/wp-json\/wp\/v2\/pages\/547\/revisions\/550"}],"wp:attachment":[{"href":"https:\/\/palaceresidence.it\/fr\/wp-json\/wp\/v2\/media?parent=547"}],"curies":[{"name":"wp","href":"https:\/\/api.w.org\/{rel}","templated":true}]}}