{"id":538,"date":"2023-08-30T15:17:36","date_gmt":"2023-08-30T13:17:36","guid":{"rendered":"https:\/\/palaceresidence.it\/?page_id=538"},"modified":"2023-08-30T15:17:51","modified_gmt":"2023-08-30T13:17:51","slug":"cookie-policy-3","status":"publish","type":"page","link":"https:\/\/palaceresidence.it\/fr\/cookie-policy-3\/","title":{"rendered":"Cookie Policy"},"content":{"rendered":"<style>\n    a.cky-banner-element {\n        padding: 8px 30px;\n        background: #F8F9FA;\n        color: #858A8F;\n        border: 1px solid #DEE2E6;\n        box-sizing: border-box;\n        border-radius: 2px;\n        cursor: pointer;\n}\n<\/style>\n<h1 class=\"cookie-policy-h1\">Politique relative aux Cookies<\/h1>\n<p>\n    Date d&rsquo;Entr\u00e9e en Vigueur : 30 ao\u00fbt 2023 <br \/>\n    Derni\u00e8re Mise \u00e0 Jour : 30 ao\u00fbt 2023\n<\/p>\n<p>&nbsp;<\/p>\n<h5>Qu&rsquo;est-ce que les cookies ?<\/h5>\n<div class=\"cookie-policy-p\">\n<p>Cette Politique relative aux Cookies explique ce que sont les cookies et comment nous les utilisons, les types de cookies que nous utilisons, c&rsquo;est-\u00e0-dire les informations que nous recueillons \u00e0 l&rsquo;aide des cookies et comment ces informations sont utilis\u00e9es, ainsi que la mani\u00e8re de g\u00e9rer les param\u00e8tres des cookies.<\/p>\n<p>Les cookies sont de petits fichiers texte utilis\u00e9s pour stocker de petites portions d&rsquo;informations. Ils sont stock\u00e9s sur votre appareil lorsque le site web est charg\u00e9 dans votre navigateur. Ces cookies nous aident \u00e0 faire fonctionner correctement le site web, \u00e0 le rendre plus s\u00e9curis\u00e9, \u00e0 offrir une meilleure exp\u00e9rience utilisateur et \u00e0 comprendre comment le site web fonctionne et \u00e0 analyser ce qui fonctionne et o\u00f9 des am\u00e9liorations sont n\u00e9cessaires.<\/p>\n<\/div>\n<p>&nbsp;<\/p>\n<h5>Comment utilisons-nous les cookies ?<\/h5>\n<div class=\"cookie-policy-p\">\n<p>Comme la plupart des services en ligne, notre site web utilise des cookies de premi\u00e8re partie et des cookies tiers \u00e0 diverses fins. Les cookies de premi\u00e8re partie sont principalement n\u00e9cessaires au bon fonctionnement du site web et ne recueillent aucune de vos donn\u00e9es personnelles identifiables.<\/p>\n<p>Les cookies tiers utilis\u00e9s sur notre site web servent principalement \u00e0 comprendre comment le site web fonctionne, comment vous interagissez avec notre site web, \u00e0 maintenir nos services s\u00e9curis\u00e9s, \u00e0 fournir des annonces pertinentes pour vous, et globalement \u00e0 vous offrir une exp\u00e9rience utilisateur meilleure et am\u00e9lior\u00e9e et \u00e0 acc\u00e9l\u00e9rer vos futures interactions avec notre site web.<\/p>\n<\/div>\n<p>&nbsp;<\/p>\n<h5>Types de cookies que nous utilisons<\/h5>\n<div class=\"cky-audit-table-element\"><\/div>\n<p>&nbsp;<\/p>\n<h5 style=\"margin-bottom:20px;\">G\u00e9rer les pr\u00e9f\u00e9rences de cookies<\/h5>\n<p>    <a class=\"cky-banner-element\">Param\u00e8tres des Cookies<\/a> <\/p>\n<div>\n<p>Vous pouvez modifier vos pr\u00e9f\u00e9rences de cookies \u00e0 tout moment en cliquant sur le bouton ci-dessus. Cela vous permettra de revoir la banni\u00e8re de consentement aux cookies et de modifier imm\u00e9diatement vos pr\u00e9f\u00e9rences ou de retirer votre consentement imm\u00e9diatement. <\/p>\n<p>De plus, les diff\u00e9rents navigateurs proposent diff\u00e9rentes m\u00e9thodes pour bloquer et supprimer les cookies utilis\u00e9s par les sites web. Vous pouvez modifier les param\u00e8tres de votre navigateur pour bloquer\/supprimer les cookies. Ci-dessous se trouvent les liens vers la documentation d&rsquo;assistance sur la mani\u00e8re de g\u00e9rer et de supprimer les cookies des principaux navigateurs web.<\/p>\n<p>Chrome : <a href=\"https:\/\/support.google.com\/accounts\/answer\/32050\" target=\"_blank\" rel=\"noopener\">https:\/\/support.google.com\/accounts\/answer\/32050<\/a><\/p>\n<p>Safari : <a href=\"https:\/\/support.apple.com\/en-in\/guide\/safari\/sfri11471\/mac\" target=\"_blank\" rel=\"noopener\">https:\/\/support.apple.com\/en-in\/guide\/safari\/sfri11471\/mac<\/a><\/p>\n<p>Firefox : <a href=\"https:\/\/support.mozilla.org\/en-US\/kb\/clear-cookies-and-site-data-firefox?redirectslug=delete-cookies-remove-info-websites-stored&#038;redirectlocale=en-US\" target=\"_blank\" rel=\"noopener\">https:\/\/support.mozilla.org\/en-US\/kb\/clear-cookies-and-site-data-firefox?redirectslug=delete-cookies-remove-info-websites-stored&#038;redirectlocale=en-US<\/a><\/p>\n<p>Internet Explorer : <a href=\"https:\/\/support.microsoft.com\/en-us\/topic\/how-to-delete-cookie-files-in-internet-explorer-bca9446f-d873-78de-77ba-d42645fa52fc\" target=\"_blank\" rel=\"noopener\">https:\/\/support.microsoft.com\/en-us\/topic\/how-to-delete-cookie-files-in-internet-explorer-bca9446f-d873-78de-77ba-d42645fa52fc<\/a><\/p>\n<p>Si vous utilisez un autre navigateur web, veuillez consulter les documents d&rsquo;assistance officiels de votre navigateur.<\/p>\n<\/div>\n<p>&nbsp;<\/p>\n<p class=\"cookie-policy-p\">\n    Politique relative aux Cookies G\u00e9n\u00e9r\u00e9e par  <a target=\"_blank\" href=\"https:\/\/www.cookieyes.com\/?utm_source=CP&#038;utm_medium=footer&#038;utm_campaign=UW\" rel=\"noopener\">CookieYes &#8211; G\u00e9n\u00e9rateur de Politique relative aux Cookies<\/a>.<\/p>\n","protected":false},"excerpt":{"rendered":"<p>Politique relative aux Cookies Date d&rsquo;Entr\u00e9e en Vigueur : 30 ao\u00fbt 2023 Derni\u00e8re Mise \u00e0 Jour : 30 ao\u00fbt 2023 &nbsp; Qu&rsquo;est-ce que les cookies ? Cette Politique relative aux Cookies explique ce que sont les cookies et comment nous<span class=\"excerpt-hellip\"> [\u2026]<\/span><\/p>\n","protected":false},"author":1,"featured_media":0,"parent":0,"menu_order":0,"comment_status":"closed","ping_status":"closed","template":"","meta":{"footnotes":""},"class_list":["post-538","page","type-page","status-publish","hentry"],"yoast_head":"<!-- This site is optimized with the Yoast SEO plugin v24.7 - https:\/\/yoast.com\/wordpress\/plugins\/seo\/ -->\n<title>Cookie Policy - palaceresidence.it<\/title>\n<meta name=\"robots\" content=\"index, follow, max-snippet:-1, max-image-preview:large, max-video-preview:-1\" \/>\n<link rel=\"canonical\" href=\"https:\/\/palaceresidence.it\/fr\/cookie-policy-3\/\" \/>\n<meta property=\"og:locale\" content=\"fr_FR\" \/>\n<meta property=\"og:type\" content=\"article\" \/>\n<meta property=\"og:title\" content=\"Cookie Policy - palaceresidence.it\" \/>\n<meta property=\"og:description\" content=\"Politique relative aux Cookies Date d&rsquo;Entr\u00e9e en Vigueur : 30 ao\u00fbt 2023 Derni\u00e8re Mise \u00e0 Jour : 30 ao\u00fbt 2023 &nbsp; Qu&rsquo;est-ce que les cookies ? Cette Politique relative aux Cookies explique ce que sont les cookies et comment nous [\u2026]\" \/>\n<meta property=\"og:url\" content=\"https:\/\/palaceresidence.it\/fr\/cookie-policy-3\/\" \/>\n<meta property=\"og:site_name\" content=\"palaceresidence.it\" \/>\n<meta property=\"article:modified_time\" content=\"2023-08-30T13:17:51+00:00\" \/>\n<meta name=\"twitter:card\" content=\"summary_large_image\" \/>\n<meta name=\"twitter:label1\" content=\"Dur\u00e9e de lecture estim\u00e9e\" \/>\n\t<meta name=\"twitter:data1\" content=\"3 minutes\" \/>\n<script type=\"application\/ld+json\" class=\"yoast-schema-graph\">{\"@context\":\"https:\/\/schema.org\",\"@graph\":[{\"@type\":\"WebPage\",\"@id\":\"https:\/\/palaceresidence.it\/fr\/cookie-policy-3\/\",\"url\":\"https:\/\/palaceresidence.it\/fr\/cookie-policy-3\/\",\"name\":\"Cookie Policy - palaceresidence.it\",\"isPartOf\":{\"@id\":\"https:\/\/palaceresidence.it\/#website\"},\"datePublished\":\"2023-08-30T13:17:36+00:00\",\"dateModified\":\"2023-08-30T13:17:51+00:00\",\"breadcrumb\":{\"@id\":\"https:\/\/palaceresidence.it\/fr\/cookie-policy-3\/#breadcrumb\"},\"inLanguage\":\"fr-FR\",\"potentialAction\":[{\"@type\":\"ReadAction\",\"target\":[\"https:\/\/palaceresidence.it\/fr\/cookie-policy-3\/\"]}]},{\"@type\":\"BreadcrumbList\",\"@id\":\"https:\/\/palaceresidence.it\/fr\/cookie-policy-3\/#breadcrumb\",\"itemListElement\":[{\"@type\":\"ListItem\",\"position\":1,\"name\":\"Home\",\"item\":\"https:\/\/palaceresidence.it\/fr\/home-fr\/\"},{\"@type\":\"ListItem\",\"position\":2,\"name\":\"Cookie Policy\"}]},{\"@type\":\"WebSite\",\"@id\":\"https:\/\/palaceresidence.it\/#website\",\"url\":\"https:\/\/palaceresidence.it\/\",\"name\":\"palaceresidence.it\",\"description\":\"\",\"potentialAction\":[{\"@type\":\"SearchAction\",\"target\":{\"@type\":\"EntryPoint\",\"urlTemplate\":\"https:\/\/palaceresidence.it\/?s={search_term_string}\"},\"query-input\":{\"@type\":\"PropertyValueSpecification\",\"valueRequired\":true,\"valueName\":\"search_term_string\"}}],\"inLanguage\":\"fr-FR\"}]}<\/script>\n<!-- \/ Yoast SEO plugin. -->","yoast_head_json":{"title":"Cookie Policy - palaceresidence.it","robots":{"index":"index","follow":"follow","max-snippet":"max-snippet:-1","max-image-preview":"max-image-preview:large","max-video-preview":"max-video-preview:-1"},"canonical":"https:\/\/palaceresidence.it\/fr\/cookie-policy-3\/","og_locale":"fr_FR","og_type":"article","og_title":"Cookie Policy - palaceresidence.it","og_description":"Politique relative aux Cookies Date d&rsquo;Entr\u00e9e en Vigueur : 30 ao\u00fbt 2023 Derni\u00e8re Mise \u00e0 Jour : 30 ao\u00fbt 2023 &nbsp; Qu&rsquo;est-ce que les cookies ? Cette Politique relative aux Cookies explique ce que sont les cookies et comment nous [\u2026]","og_url":"https:\/\/palaceresidence.it\/fr\/cookie-policy-3\/","og_site_name":"palaceresidence.it","article_modified_time":"2023-08-30T13:17:51+00:00","twitter_card":"summary_large_image","twitter_misc":{"Dur\u00e9e de lecture estim\u00e9e":"3 minutes"},"schema":{"@context":"https:\/\/schema.org","@graph":[{"@type":"WebPage","@id":"https:\/\/palaceresidence.it\/fr\/cookie-policy-3\/","url":"https:\/\/palaceresidence.it\/fr\/cookie-policy-3\/","name":"Cookie Policy - palaceresidence.it","isPartOf":{"@id":"https:\/\/palaceresidence.it\/#website"},"datePublished":"2023-08-30T13:17:36+00:00","dateModified":"2023-08-30T13:17:51+00:00","breadcrumb":{"@id":"https:\/\/palaceresidence.it\/fr\/cookie-policy-3\/#breadcrumb"},"inLanguage":"fr-FR","potentialAction":[{"@type":"ReadAction","target":["https:\/\/palaceresidence.it\/fr\/cookie-policy-3\/"]}]},{"@type":"BreadcrumbList","@id":"https:\/\/palaceresidence.it\/fr\/cookie-policy-3\/#breadcrumb","itemListElement":[{"@type":"ListItem","position":1,"name":"Home","item":"https:\/\/palaceresidence.it\/fr\/home-fr\/"},{"@type":"ListItem","position":2,"name":"Cookie Policy"}]},{"@type":"WebSite","@id":"https:\/\/palaceresidence.it\/#website","url":"https:\/\/palaceresidence.it\/","name":"palaceresidence.it","description":"","potentialAction":[{"@type":"SearchAction","target":{"@type":"EntryPoint","urlTemplate":"https:\/\/palaceresidence.it\/?s={search_term_string}"},"query-input":{"@type":"PropertyValueSpecification","valueRequired":true,"valueName":"search_term_string"}}],"inLanguage":"fr-FR"}]}},"_links":{"self":[{"href":"https:\/\/palaceresidence.it\/fr\/wp-json\/wp\/v2\/pages\/538","targetHints":{"allow":["GET"]}}],"collection":[{"href":"https:\/\/palaceresidence.it\/fr\/wp-json\/wp\/v2\/pages"}],"about":[{"href":"https:\/\/palaceresidence.it\/fr\/wp-json\/wp\/v2\/types\/page"}],"author":[{"embeddable":true,"href":"https:\/\/palaceresidence.it\/fr\/wp-json\/wp\/v2\/users\/1"}],"replies":[{"embeddable":true,"href":"https:\/\/palaceresidence.it\/fr\/wp-json\/wp\/v2\/comments?post=538"}],"version-history":[{"count":1,"href":"https:\/\/palaceresidence.it\/fr\/wp-json\/wp\/v2\/pages\/538\/revisions"}],"predecessor-version":[{"id":541,"href":"https:\/\/palaceresidence.it\/fr\/wp-json\/wp\/v2\/pages\/538\/revisions\/541"}],"wp:attachment":[{"href":"https:\/\/palaceresidence.it\/fr\/wp-json\/wp\/v2\/media?parent=538"}],"curies":[{"name":"wp","href":"https:\/\/api.w.org\/{rel}","templated":true}]}}