{"id":422,"date":"2022-02-07T09:46:10","date_gmt":"2022-02-07T08:46:10","guid":{"rendered":"https:\/\/palaceresidence.it\/?page_id=422"},"modified":"2024-02-08T08:18:38","modified_gmt":"2024-02-08T08:18:38","slug":"nos-services","status":"publish","type":"page","link":"https:\/\/palaceresidence.it\/fr\/nos-services\/","title":{"rendered":"Nos services"},"content":{"rendered":"","protected":false},"excerpt":{"rendered":"","protected":false},"author":1,"featured_media":0,"parent":0,"menu_order":0,"comment_status":"closed","ping_status":"closed","template":"","meta":{"footnotes":""},"class_list":["post-422","page","type-page","status-publish","hentry"],"yoast_head":"<!-- This site is optimized with the Yoast SEO plugin v24.7 - https:\/\/yoast.com\/wordpress\/plugins\/seo\/ -->\n<title>Palace Resort - Votre fen\u00eatre sur Sestriere | Nos services<\/title>\n<meta name=\"description\" content=\"En plus de l&#039;intimit\u00e9 offerte par les appartements, les services et la vari\u00e9t\u00e9 des logements disponibles vous garantiront des vacances de d\u00e9tente...\" \/>\n<meta name=\"robots\" content=\"index, follow, max-snippet:-1, max-image-preview:large, max-video-preview:-1\" \/>\n<link rel=\"canonical\" href=\"https:\/\/palaceresidence.it\/fr\/nos-services\/\" \/>\n<meta property=\"og:locale\" content=\"fr_FR\" \/>\n<meta property=\"og:type\" content=\"article\" \/>\n<meta property=\"og:title\" content=\"Palace Resort - Votre fen\u00eatre sur Sestriere | Nos services\" \/>\n<meta property=\"og:description\" content=\"En plus de l&#039;intimit\u00e9 offerte par les appartements, les services et la vari\u00e9t\u00e9 des logements disponibles vous garantiront des vacances de d\u00e9tente...\" \/>\n<meta property=\"og:url\" content=\"https:\/\/palaceresidence.it\/fr\/nos-services\/\" \/>\n<meta property=\"og:site_name\" content=\"palaceresidence.it\" \/>\n<meta property=\"article:modified_time\" content=\"2024-02-08T08:18:38+00:00\" \/>\n<meta property=\"og:image\" content=\"https:\/\/palaceresidence.it\/wp-content\/uploads\/2022\/01\/i-nostri-servizi-2.jpg?v=1643647501\" \/>\n\t<meta property=\"og:image:width\" content=\"1280\" \/>\n\t<meta property=\"og:image:height\" content=\"543\" \/>\n\t<meta property=\"og:image:type\" content=\"image\/jpeg\" \/>\n<meta name=\"twitter:card\" content=\"summary_large_image\" \/>\n<meta name=\"twitter:title\" content=\"Palace Resort - Votre fen\u00eatre sur Sestriere | Nos services\" \/>\n<meta name=\"twitter:description\" content=\"En plus de l&#039;intimit\u00e9 offerte par les appartements, les services et la vari\u00e9t\u00e9 des logements disponibles vous garantiront des vacances de d\u00e9tente...\" \/>\n<meta name=\"twitter:image\" content=\"https:\/\/palaceresidence.it\/wp-content\/uploads\/2022\/01\/i-nostri-servizi-2.jpg?v=1643647501\" \/>\n<script type=\"application\/ld+json\" class=\"yoast-schema-graph\">{\"@context\":\"https:\/\/schema.org\",\"@graph\":[{\"@type\":\"WebPage\",\"@id\":\"https:\/\/palaceresidence.it\/fr\/nos-services\/\",\"url\":\"https:\/\/palaceresidence.it\/fr\/nos-services\/\",\"name\":\"Palace Resort - Votre fen\u00eatre sur Sestriere | Nos services\",\"isPartOf\":{\"@id\":\"https:\/\/palaceresidence.it\/#website\"},\"datePublished\":\"2022-02-07T08:46:10+00:00\",\"dateModified\":\"2024-02-08T08:18:38+00:00\",\"description\":\"En plus de l'intimit\u00e9 offerte par les appartements, les services et la vari\u00e9t\u00e9 des logements disponibles vous garantiront des vacances de d\u00e9tente...\",\"breadcrumb\":{\"@id\":\"https:\/\/palaceresidence.it\/fr\/nos-services\/#breadcrumb\"},\"inLanguage\":\"fr-FR\",\"potentialAction\":[{\"@type\":\"ReadAction\",\"target\":[\"https:\/\/palaceresidence.it\/fr\/nos-services\/\"]}]},{\"@type\":\"BreadcrumbList\",\"@id\":\"https:\/\/palaceresidence.it\/fr\/nos-services\/#breadcrumb\",\"itemListElement\":[{\"@type\":\"ListItem\",\"position\":1,\"name\":\"Home\",\"item\":\"https:\/\/palaceresidence.it\/fr\/home-fr\/\"},{\"@type\":\"ListItem\",\"position\":2,\"name\":\"Nos services\"}]},{\"@type\":\"WebSite\",\"@id\":\"https:\/\/palaceresidence.it\/#website\",\"url\":\"https:\/\/palaceresidence.it\/\",\"name\":\"palaceresidence.it\",\"description\":\"\",\"potentialAction\":[{\"@type\":\"SearchAction\",\"target\":{\"@type\":\"EntryPoint\",\"urlTemplate\":\"https:\/\/palaceresidence.it\/?s={search_term_string}\"},\"query-input\":{\"@type\":\"PropertyValueSpecification\",\"valueRequired\":true,\"valueName\":\"search_term_string\"}}],\"inLanguage\":\"fr-FR\"}]}<\/script>\n<!-- \/ Yoast SEO plugin. -->","yoast_head_json":{"title":"Palace Resort - Votre fen\u00eatre sur Sestriere | Nos services","description":"En plus de l'intimit\u00e9 offerte par les appartements, les services et la vari\u00e9t\u00e9 des logements disponibles vous garantiront des vacances de d\u00e9tente...","robots":{"index":"index","follow":"follow","max-snippet":"max-snippet:-1","max-image-preview":"max-image-preview:large","max-video-preview":"max-video-preview:-1"},"canonical":"https:\/\/palaceresidence.it\/fr\/nos-services\/","og_locale":"fr_FR","og_type":"article","og_title":"Palace Resort - Votre fen\u00eatre sur Sestriere | Nos services","og_description":"En plus de l'intimit\u00e9 offerte par les appartements, les services et la vari\u00e9t\u00e9 des logements disponibles vous garantiront des vacances de d\u00e9tente...","og_url":"https:\/\/palaceresidence.it\/fr\/nos-services\/","og_site_name":"palaceresidence.it","article_modified_time":"2024-02-08T08:18:38+00:00","og_image":[{"width":1280,"height":543,"url":"https:\/\/palaceresidence.it\/wp-content\/uploads\/2022\/01\/i-nostri-servizi-2.jpg?v=1643647501","type":"image\/jpeg"}],"twitter_card":"summary_large_image","twitter_title":"Palace Resort - Votre fen\u00eatre sur Sestriere | Nos services","twitter_description":"En plus de l'intimit\u00e9 offerte par les appartements, les services et la vari\u00e9t\u00e9 des logements disponibles vous garantiront des vacances de d\u00e9tente...","twitter_image":"https:\/\/palaceresidence.it\/wp-content\/uploads\/2022\/01\/i-nostri-servizi-2.jpg?v=1643647501","schema":{"@context":"https:\/\/schema.org","@graph":[{"@type":"WebPage","@id":"https:\/\/palaceresidence.it\/fr\/nos-services\/","url":"https:\/\/palaceresidence.it\/fr\/nos-services\/","name":"Palace Resort - Votre fen\u00eatre sur Sestriere | Nos services","isPartOf":{"@id":"https:\/\/palaceresidence.it\/#website"},"datePublished":"2022-02-07T08:46:10+00:00","dateModified":"2024-02-08T08:18:38+00:00","description":"En plus de l'intimit\u00e9 offerte par les appartements, les services et la vari\u00e9t\u00e9 des logements disponibles vous garantiront des vacances de d\u00e9tente...","breadcrumb":{"@id":"https:\/\/palaceresidence.it\/fr\/nos-services\/#breadcrumb"},"inLanguage":"fr-FR","potentialAction":[{"@type":"ReadAction","target":["https:\/\/palaceresidence.it\/fr\/nos-services\/"]}]},{"@type":"BreadcrumbList","@id":"https:\/\/palaceresidence.it\/fr\/nos-services\/#breadcrumb","itemListElement":[{"@type":"ListItem","position":1,"name":"Home","item":"https:\/\/palaceresidence.it\/fr\/home-fr\/"},{"@type":"ListItem","position":2,"name":"Nos services"}]},{"@type":"WebSite","@id":"https:\/\/palaceresidence.it\/#website","url":"https:\/\/palaceresidence.it\/","name":"palaceresidence.it","description":"","potentialAction":[{"@type":"SearchAction","target":{"@type":"EntryPoint","urlTemplate":"https:\/\/palaceresidence.it\/?s={search_term_string}"},"query-input":{"@type":"PropertyValueSpecification","valueRequired":true,"valueName":"search_term_string"}}],"inLanguage":"fr-FR"}]}},"_links":{"self":[{"href":"https:\/\/palaceresidence.it\/fr\/wp-json\/wp\/v2\/pages\/422","targetHints":{"allow":["GET"]}}],"collection":[{"href":"https:\/\/palaceresidence.it\/fr\/wp-json\/wp\/v2\/pages"}],"about":[{"href":"https:\/\/palaceresidence.it\/fr\/wp-json\/wp\/v2\/types\/page"}],"author":[{"embeddable":true,"href":"https:\/\/palaceresidence.it\/fr\/wp-json\/wp\/v2\/users\/1"}],"replies":[{"embeddable":true,"href":"https:\/\/palaceresidence.it\/fr\/wp-json\/wp\/v2\/comments?post=422"}],"version-history":[{"count":2,"href":"https:\/\/palaceresidence.it\/fr\/wp-json\/wp\/v2\/pages\/422\/revisions"}],"predecessor-version":[{"id":424,"href":"https:\/\/palaceresidence.it\/fr\/wp-json\/wp\/v2\/pages\/422\/revisions\/424"}],"wp:attachment":[{"href":"https:\/\/palaceresidence.it\/fr\/wp-json\/wp\/v2\/media?parent=422"}],"curies":[{"name":"wp","href":"https:\/\/api.w.org\/{rel}","templated":true}]}}