{"id":1293,"date":"2024-10-29T15:42:52","date_gmt":"2024-10-29T14:42:52","guid":{"rendered":"https:\/\/palaceresidence.it\/termes-et-conditions\/"},"modified":"2024-10-29T15:42:52","modified_gmt":"2024-10-29T14:42:52","slug":"termes-et-conditions","status":"publish","type":"page","link":"https:\/\/palaceresidence.it\/fr\/termes-et-conditions\/","title":{"rendered":"Termes et Conditions"},"content":{"rendered":"<p>D\u00e9but\/fin de s\u00e9jour :<br \/>\nS\u00e9jours avec arriv\u00e9e flexible (tarifs pour 7 nuits calcul\u00e9s au prorata pour les s\u00e9jours incluant des p\u00e9riodes tarifaires diff\u00e9rentes).<br \/>\nCheck-in \u00e0 18h00 \/ Check-out \u00e0 10h00.<br \/>\nINCLUS DANS LES TARIFS : linge de lit (serviettes de douche partielles), consommations, m\u00e9nage final (sauf kitchenette \u00e0 la charge du client).<br \/>\nCaution : 250,00 \u20ac par appartement.<br \/>\nAnimaux : admis sur demande avec suppl\u00e9ment de 100,00 \u20ac par s\u00e9jour.<br \/>\nPROMOTION SP\u00c9CIALE : pour les s\u00e9jours de deux semaines ou plus, r\u00e9duction de 10 % sur l&rsquo;ensemble du s\u00e9jour (sauf p\u00e9riode C).<\/p>\n","protected":false},"excerpt":{"rendered":"<p>D\u00e9but\/fin de s\u00e9jour : S\u00e9jours avec arriv\u00e9e flexible (tarifs pour 7 nuits calcul\u00e9s au prorata pour les s\u00e9jours incluant des p\u00e9riodes tarifaires diff\u00e9rentes). Check-in \u00e0 18h00 \/ Check-out \u00e0 10h00. INCLUS DANS LES TARIFS : linge de lit (serviettes de<span class=\"excerpt-hellip\"> [\u2026]<\/span><\/p>\n","protected":false},"author":1,"featured_media":0,"parent":0,"menu_order":0,"comment_status":"closed","ping_status":"closed","template":"","meta":{"footnotes":""},"class_list":["post-1293","page","type-page","status-publish","hentry"],"yoast_head":"<!-- This site is optimized with the Yoast SEO plugin v24.7 - https:\/\/yoast.com\/wordpress\/plugins\/seo\/ -->\n<title>Termes et Conditions - palaceresidence.it<\/title>\n<meta name=\"robots\" content=\"index, follow, max-snippet:-1, max-image-preview:large, max-video-preview:-1\" \/>\n<link rel=\"canonical\" href=\"https:\/\/palaceresidence.it\/termes-et-conditions\/\" \/>\n<meta property=\"og:locale\" content=\"fr_FR\" \/>\n<meta property=\"og:type\" content=\"article\" \/>\n<meta property=\"og:title\" content=\"Termes et Conditions - palaceresidence.it\" \/>\n<meta property=\"og:description\" content=\"D\u00e9but\/fin de s\u00e9jour : S\u00e9jours avec arriv\u00e9e flexible (tarifs pour 7 nuits calcul\u00e9s au prorata pour les s\u00e9jours incluant des p\u00e9riodes tarifaires diff\u00e9rentes). Check-in \u00e0 18h00 \/ Check-out \u00e0 10h00. INCLUS DANS LES TARIFS : linge de lit (serviettes de [\u2026]\" \/>\n<meta property=\"og:url\" content=\"https:\/\/palaceresidence.it\/termes-et-conditions\/\" \/>\n<meta property=\"og:site_name\" content=\"palaceresidence.it\" \/>\n<meta name=\"twitter:card\" content=\"summary_large_image\" \/>\n<script type=\"application\/ld+json\" class=\"yoast-schema-graph\">{\"@context\":\"https:\/\/schema.org\",\"@graph\":[{\"@type\":\"WebPage\",\"@id\":\"https:\/\/palaceresidence.it\/termes-et-conditions\/\",\"url\":\"https:\/\/palaceresidence.it\/termes-et-conditions\/\",\"name\":\"Termes et Conditions - palaceresidence.it\",\"isPartOf\":{\"@id\":\"https:\/\/palaceresidence.it\/#website\"},\"datePublished\":\"2024-10-29T14:42:52+00:00\",\"breadcrumb\":{\"@id\":\"https:\/\/palaceresidence.it\/termes-et-conditions\/#breadcrumb\"},\"inLanguage\":\"fr-FR\",\"potentialAction\":[{\"@type\":\"ReadAction\",\"target\":[\"https:\/\/palaceresidence.it\/termes-et-conditions\/\"]}]},{\"@type\":\"BreadcrumbList\",\"@id\":\"https:\/\/palaceresidence.it\/termes-et-conditions\/#breadcrumb\",\"itemListElement\":[{\"@type\":\"ListItem\",\"position\":1,\"name\":\"Home\",\"item\":\"https:\/\/palaceresidence.it\/fr\/home-fr\/\"},{\"@type\":\"ListItem\",\"position\":2,\"name\":\"Termes et Conditions\"}]},{\"@type\":\"WebSite\",\"@id\":\"https:\/\/palaceresidence.it\/#website\",\"url\":\"https:\/\/palaceresidence.it\/\",\"name\":\"palaceresidence.it\",\"description\":\"\",\"potentialAction\":[{\"@type\":\"SearchAction\",\"target\":{\"@type\":\"EntryPoint\",\"urlTemplate\":\"https:\/\/palaceresidence.it\/?s={search_term_string}\"},\"query-input\":{\"@type\":\"PropertyValueSpecification\",\"valueRequired\":true,\"valueName\":\"search_term_string\"}}],\"inLanguage\":\"fr-FR\"}]}<\/script>\n<!-- \/ Yoast SEO plugin. -->","yoast_head_json":{"title":"Termes et Conditions - palaceresidence.it","robots":{"index":"index","follow":"follow","max-snippet":"max-snippet:-1","max-image-preview":"max-image-preview:large","max-video-preview":"max-video-preview:-1"},"canonical":"https:\/\/palaceresidence.it\/termes-et-conditions\/","og_locale":"fr_FR","og_type":"article","og_title":"Termes et Conditions - palaceresidence.it","og_description":"D\u00e9but\/fin de s\u00e9jour : S\u00e9jours avec arriv\u00e9e flexible (tarifs pour 7 nuits calcul\u00e9s au prorata pour les s\u00e9jours incluant des p\u00e9riodes tarifaires diff\u00e9rentes). Check-in \u00e0 18h00 \/ Check-out \u00e0 10h00. INCLUS DANS LES TARIFS : linge de lit (serviettes de [\u2026]","og_url":"https:\/\/palaceresidence.it\/termes-et-conditions\/","og_site_name":"palaceresidence.it","twitter_card":"summary_large_image","schema":{"@context":"https:\/\/schema.org","@graph":[{"@type":"WebPage","@id":"https:\/\/palaceresidence.it\/termes-et-conditions\/","url":"https:\/\/palaceresidence.it\/termes-et-conditions\/","name":"Termes et Conditions - palaceresidence.it","isPartOf":{"@id":"https:\/\/palaceresidence.it\/#website"},"datePublished":"2024-10-29T14:42:52+00:00","breadcrumb":{"@id":"https:\/\/palaceresidence.it\/termes-et-conditions\/#breadcrumb"},"inLanguage":"fr-FR","potentialAction":[{"@type":"ReadAction","target":["https:\/\/palaceresidence.it\/termes-et-conditions\/"]}]},{"@type":"BreadcrumbList","@id":"https:\/\/palaceresidence.it\/termes-et-conditions\/#breadcrumb","itemListElement":[{"@type":"ListItem","position":1,"name":"Home","item":"https:\/\/palaceresidence.it\/fr\/home-fr\/"},{"@type":"ListItem","position":2,"name":"Termes et Conditions"}]},{"@type":"WebSite","@id":"https:\/\/palaceresidence.it\/#website","url":"https:\/\/palaceresidence.it\/","name":"palaceresidence.it","description":"","potentialAction":[{"@type":"SearchAction","target":{"@type":"EntryPoint","urlTemplate":"https:\/\/palaceresidence.it\/?s={search_term_string}"},"query-input":{"@type":"PropertyValueSpecification","valueRequired":true,"valueName":"search_term_string"}}],"inLanguage":"fr-FR"}]}},"_links":{"self":[{"href":"https:\/\/palaceresidence.it\/fr\/wp-json\/wp\/v2\/pages\/1293","targetHints":{"allow":["GET"]}}],"collection":[{"href":"https:\/\/palaceresidence.it\/fr\/wp-json\/wp\/v2\/pages"}],"about":[{"href":"https:\/\/palaceresidence.it\/fr\/wp-json\/wp\/v2\/types\/page"}],"author":[{"embeddable":true,"href":"https:\/\/palaceresidence.it\/fr\/wp-json\/wp\/v2\/users\/1"}],"replies":[{"embeddable":true,"href":"https:\/\/palaceresidence.it\/fr\/wp-json\/wp\/v2\/comments?post=1293"}],"version-history":[{"count":0,"href":"https:\/\/palaceresidence.it\/fr\/wp-json\/wp\/v2\/pages\/1293\/revisions"}],"wp:attachment":[{"href":"https:\/\/palaceresidence.it\/fr\/wp-json\/wp\/v2\/media?parent=1293"}],"curies":[{"name":"wp","href":"https:\/\/api.w.org\/{rel}","templated":true}]}}