{"id":1261,"date":"2025-01-21T15:45:55","date_gmt":"2025-01-21T14:45:55","guid":{"rendered":"https:\/\/palaceresidence.it\/hebergement\/"},"modified":"2025-01-21T15:45:55","modified_gmt":"2025-01-21T14:45:55","slug":"hebergement","status":"publish","type":"page","link":"https:\/\/palaceresidence.it\/fr\/hebergement\/","title":{"rendered":"H\u00e9bergement"},"content":{"rendered":"<div class=\"mphb_sc_rooms-wrapper mphb-room-types \">\n<div class=\"mphb-room-type post-1247 mphb_room_type type-mphb_room_type status-publish mphb_room_type_category-residences-club-palace-2-fr mphb-room-type-adults-5 mphb-room-type-children-0 \">\n\n\t\n\t\n<h2 class=\"mphb-room-type-title entry-title\">\n\n<a class=\"mphb-room-type-title\" href=\"https:\/\/palaceresidence.it\/fr\/accommodation\/palace-2-appartement-de-trois-pieces\/\">Palace 2 Appartement de trois pi\u00e8ces<\/a>\n\n<\/h2>\n\n<p>Appartement de trois pi\u00e8ces<\/p>\n\n\n<h3 class=\"mphb-room-type-details-title\">D\u00e9tails<\/h3><ul class=\"mphb-loop-room-type-attributes\">\n\t<li class=\"mphb-room-type-total-capacity\"><span class=\"mphb-attribute-title mphb-total-capacity-title\">Invit\u00e9s:<\/span><span class=\"mphb-attribute-value\">\n\t5\n\t<\/span><\/li>\t\n\n\n\n\n\t<li class=\"mphb-room-type-view\"><span class=\"mphb-attribute-title mphb-view-title\">Vue :<\/span><span class=\"mphb-attribute-value\">\n\tExposition sud et vue sur les montagnes avec grande terrasse\n\t<\/span><\/li>\n\t\n\n\n\t<li class=\"mphb-room-type-size\"><span class=\"mphb-attribute-title mphb-size-title\">Taille :<\/span><span class=\"mphb-attribute-value\">\n\t40m\u00b2\n\t<\/span><\/li>\n\t\n\n\t<li class=\"mphb-room-type-bed-type\"><span  class=\"mphb-attribute-title mphb-bed-type-title\">Type de lit :<\/span><span class=\"mphb-attribute-value\">\n\tEsposizione a sud con vista sulle montagne e ampia terrazza\n\t<\/span><\/li>\n\t\n\n\t<li class=\"mphb-room-type-categories\"><span class=\"mphb-attribute-title mphb-categories-title\">Cat\u00e9gories :<\/span><span class=\"mphb-attribute-value\"> <span class=\"category-residences-club-palace-2-fr\"><a href=\"https:\/\/palaceresidence.it\/fr\/accommodation-category\/residences-club-palace-2-fr\/\">Residences Club Palace 2<\/a><\/span><\/span><\/li>\n\t\n<\/ul>\n\n<p class=\"mphb-view-details-button-wrapper\">\n<a class=\"button mphb-view-details-button\" href=\"https:\/\/palaceresidence.it\/fr\/accommodation\/palace-2-appartement-de-trois-pieces\/\" >Voir les d\u00e9tails<\/a>\n<\/p>\n<div class=\"mphb-to-book-btn-wrapper\">\n<form action=\"https:\/\/palaceresidence.it\/fr\/accommodation\/palace-2-appartement-de-trois-pieces\/#booking-form-1247\" method=\"get\" ><button type=\"submit\" class=\"button mphb-book-button\" >R\u00e9server<\/button><\/form>\n<br\/><\/div>\n\t\n<\/div>\n\n<div class=\"mphb-room-type post-1249 mphb_room_type type-mphb_room_type status-publish mphb_room_type_category-residences-club-palace-2-fr mphb-room-type-adults-4 mphb-room-type-children-0 \">\n\n\t\n\t\n<h2 class=\"mphb-room-type-title entry-title\">\n\n<a class=\"mphb-room-type-title\" href=\"https:\/\/palaceresidence.it\/fr\/accommodation\/palace-2-appartement-de-deux-pieces\/\">Palace 2 Appartement de deux pi\u00e8ces<\/a>\n\n<\/h2>\n\n<p>Appartement de deux pi\u00e8ces<\/p>\n\n\n<h3 class=\"mphb-room-type-details-title\">D\u00e9tails<\/h3><ul class=\"mphb-loop-room-type-attributes\">\n\t<li class=\"mphb-room-type-total-capacity\"><span class=\"mphb-attribute-title mphb-total-capacity-title\">Invit\u00e9s:<\/span><span class=\"mphb-attribute-value\">\n\t4\n\t<\/span><\/li>\t\n\n\n\n\n\t<li class=\"mphb-room-type-view\"><span class=\"mphb-attribute-title mphb-view-title\">Vue :<\/span><span class=\"mphb-attribute-value\">\n\tExposition sud et vue sur les montagnes avec grande terrasse\n\t<\/span><\/li>\n\t\n\n\n\t<li class=\"mphb-room-type-size\"><span class=\"mphb-attribute-title mphb-size-title\">Taille :<\/span><span class=\"mphb-attribute-value\">\n\t36m\u00b2\n\t<\/span><\/li>\n\t\n\n\t<li class=\"mphb-room-type-bed-type\"><span  class=\"mphb-attribute-title mphb-bed-type-title\">Type de lit :<\/span><span class=\"mphb-attribute-value\">\n\tpour 4 personnes, compos\u00e9 d'un salon avec canap\u00e9 deux places et d'une chambre double\n\t<\/span><\/li>\n\t\n\n\t<li class=\"mphb-room-type-categories\"><span class=\"mphb-attribute-title mphb-categories-title\">Cat\u00e9gories :<\/span><span class=\"mphb-attribute-value\"> <span class=\"category-residences-club-palace-2-fr\"><a href=\"https:\/\/palaceresidence.it\/fr\/accommodation-category\/residences-club-palace-2-fr\/\">Residences Club Palace 2<\/a><\/span><\/span><\/li>\n\t\n<\/ul>\n\n<p class=\"mphb-view-details-button-wrapper\">\n<a class=\"button mphb-view-details-button\" href=\"https:\/\/palaceresidence.it\/fr\/accommodation\/palace-2-appartement-de-deux-pieces\/\" >Voir les d\u00e9tails<\/a>\n<\/p>\n<div class=\"mphb-to-book-btn-wrapper\">\n<form action=\"https:\/\/palaceresidence.it\/fr\/accommodation\/palace-2-appartement-de-deux-pieces\/#booking-form-1249\" method=\"get\" ><button type=\"submit\" class=\"button mphb-book-button\" >R\u00e9server<\/button><\/form>\n<br\/><\/div>\n\t\n<\/div>\n\n<div class=\"mphb-room-type post-1251 mphb_room_type type-mphb_room_type status-publish mphb_room_type_category-residence-club-palace-1-fr mphb-room-type-adults-4 mphb-room-type-children-0 \">\n\n\t\n\t\n<h2 class=\"mphb-room-type-title entry-title\">\n\n<a class=\"mphb-room-type-title\" href=\"https:\/\/palaceresidence.it\/fr\/accommodation\/palace-1-appartement-de-deux-pieces\/\">Palace 1 Appartement de deux pi\u00e8ces<\/a>\n\n<\/h2>\n\n<p>Appartement de deux pi\u00e8ces<\/p>\n\n\n<h3 class=\"mphb-room-type-details-title\">D\u00e9tails<\/h3><ul class=\"mphb-loop-room-type-attributes\">\n\t<li class=\"mphb-room-type-total-capacity\"><span class=\"mphb-attribute-title mphb-total-capacity-title\">Invit\u00e9s:<\/span><span class=\"mphb-attribute-value\">\n\t4\n\t<\/span><\/li>\t\n\n\n\n\n\t<li class=\"mphb-room-type-view\"><span class=\"mphb-attribute-title mphb-view-title\">Vue :<\/span><span class=\"mphb-attribute-value\">\n\tExposition sud et vue sur les montagnes avec grande terrasse\n\t<\/span><\/li>\n\t\n\n\n\t<li class=\"mphb-room-type-size\"><span class=\"mphb-attribute-title mphb-size-title\">Taille :<\/span><span class=\"mphb-attribute-value\">\n\t35m\u00b2\n\t<\/span><\/li>\n\t\n\n\t<li class=\"mphb-room-type-bed-type\"><span  class=\"mphb-attribute-title mphb-bed-type-title\">Type de lit :<\/span><span class=\"mphb-attribute-value\">\n\tPour 4 personnes, s\u00e9jour avec canap\u00e9-lit double et chambre double avec lits superpos\u00e9s.\n\t<\/span><\/li>\n\t\n\n\t<li class=\"mphb-room-type-categories\"><span class=\"mphb-attribute-title mphb-categories-title\">Cat\u00e9gories :<\/span><span class=\"mphb-attribute-value\"> <span class=\"category-residence-club-palace-1-fr\"><a href=\"https:\/\/palaceresidence.it\/fr\/accommodation-category\/residence-club-palace-1-fr\/\">Residence Club Palace 1<\/a><\/span><\/span><\/li>\n\t\n<\/ul>\n\n<p class=\"mphb-view-details-button-wrapper\">\n<a class=\"button mphb-view-details-button\" href=\"https:\/\/palaceresidence.it\/fr\/accommodation\/palace-1-appartement-de-deux-pieces\/\" >Voir les d\u00e9tails<\/a>\n<\/p>\n<div class=\"mphb-to-book-btn-wrapper\">\n<form action=\"https:\/\/palaceresidence.it\/fr\/accommodation\/palace-1-appartement-de-deux-pieces\/#booking-form-1251\" method=\"get\" ><button type=\"submit\" class=\"button mphb-book-button\" >R\u00e9server<\/button><\/form>\n<br\/><\/div>\n\t\n<\/div>\n\n<div class=\"mphb-room-type post-1252 mphb_room_type type-mphb_room_type status-publish mphb_room_type_category-residence-club-palace-1-fr mphb-room-type-adults-4 mphb-room-type-children-0 \">\n\n\t\n\t\n<h2 class=\"mphb-room-type-title entry-title\">\n\n<a class=\"mphb-room-type-title\" href=\"https:\/\/palaceresidence.it\/fr\/accommodation\/palace-1-studio\/\">Palace 1 Studio<\/a>\n\n<\/h2>\n\n<p>Studio<\/p>\n\n\n<h3 class=\"mphb-room-type-details-title\">D\u00e9tails<\/h3><ul class=\"mphb-loop-room-type-attributes\">\n\t<li class=\"mphb-room-type-total-capacity\"><span class=\"mphb-attribute-title mphb-total-capacity-title\">Invit\u00e9s:<\/span><span class=\"mphb-attribute-value\">\n\t4\n\t<\/span><\/li>\t\n\n\n\n\n\t<li class=\"mphb-room-type-view\"><span class=\"mphb-attribute-title mphb-view-title\">Vue :<\/span><span class=\"mphb-attribute-value\">\n\tExposition sud et vue sur les montagnes avec grande terrasse\n\t<\/span><\/li>\n\t\n\n\n\t<li class=\"mphb-room-type-size\"><span class=\"mphb-attribute-title mphb-size-title\">Taille :<\/span><span class=\"mphb-attribute-value\">\n\t30m\u00b2\n\t<\/span><\/li>\n\t\n\n\t<li class=\"mphb-room-type-bed-type\"><span  class=\"mphb-attribute-title mphb-bed-type-title\">Type de lit :<\/span><span class=\"mphb-attribute-value\">\n\tgrand appartement d'une pi\u00e8ce pour 4 personnes compos\u00e9 d'un salon avec canap\u00e9-lit double et d'un coin nuit priv\u00e9 avec lits superpos\u00e9s\n\t<\/span><\/li>\n\t\n\n\t<li class=\"mphb-room-type-categories\"><span class=\"mphb-attribute-title mphb-categories-title\">Cat\u00e9gories :<\/span><span class=\"mphb-attribute-value\"> <span class=\"category-residence-club-palace-1-fr\"><a href=\"https:\/\/palaceresidence.it\/fr\/accommodation-category\/residence-club-palace-1-fr\/\">Residence Club Palace 1<\/a><\/span><\/span><\/li>\n\t\n<\/ul>\n\n<p class=\"mphb-view-details-button-wrapper\">\n<a class=\"button mphb-view-details-button\" href=\"https:\/\/palaceresidence.it\/fr\/accommodation\/palace-1-studio\/\" >Voir les d\u00e9tails<\/a>\n<\/p>\n<div class=\"mphb-to-book-btn-wrapper\">\n<form action=\"https:\/\/palaceresidence.it\/fr\/accommodation\/palace-1-studio\/#booking-form-1252\" method=\"get\" ><button type=\"submit\" class=\"button mphb-book-button\" >R\u00e9server<\/button><\/form>\n<br\/><\/div>\n\t\n<\/div>\n<\/div>\n","protected":false},"excerpt":{"rendered":"Studio","protected":false},"author":1,"featured_media":0,"parent":0,"menu_order":0,"comment_status":"closed","ping_status":"closed","template":"","meta":{"footnotes":""},"class_list":["post-1261","page","type-page","status-publish","hentry"],"yoast_head":"<!-- This site is optimized with the Yoast SEO plugin v24.7 - https:\/\/yoast.com\/wordpress\/plugins\/seo\/ -->\n<title>H\u00e9bergement - palaceresidence.it<\/title>\n<meta name=\"robots\" content=\"index, follow, max-snippet:-1, max-image-preview:large, max-video-preview:-1\" \/>\n<link rel=\"canonical\" href=\"https:\/\/palaceresidence.it\/hebergement\/\" \/>\n<meta property=\"og:locale\" content=\"fr_FR\" \/>\n<meta property=\"og:type\" content=\"article\" \/>\n<meta property=\"og:title\" content=\"H\u00e9bergement - palaceresidence.it\" \/>\n<meta property=\"og:url\" content=\"https:\/\/palaceresidence.it\/hebergement\/\" \/>\n<meta property=\"og:site_name\" content=\"palaceresidence.it\" \/>\n<meta name=\"twitter:card\" content=\"summary_large_image\" \/>\n<script type=\"application\/ld+json\" class=\"yoast-schema-graph\">{\"@context\":\"https:\/\/schema.org\",\"@graph\":[{\"@type\":\"WebPage\",\"@id\":\"https:\/\/palaceresidence.it\/hebergement\/\",\"url\":\"https:\/\/palaceresidence.it\/hebergement\/\",\"name\":\"H\u00e9bergement - palaceresidence.it\",\"isPartOf\":{\"@id\":\"https:\/\/palaceresidence.it\/#website\"},\"datePublished\":\"2025-01-21T14:45:55+00:00\",\"breadcrumb\":{\"@id\":\"https:\/\/palaceresidence.it\/hebergement\/#breadcrumb\"},\"inLanguage\":\"fr-FR\",\"potentialAction\":[{\"@type\":\"ReadAction\",\"target\":[\"https:\/\/palaceresidence.it\/hebergement\/\"]}]},{\"@type\":\"BreadcrumbList\",\"@id\":\"https:\/\/palaceresidence.it\/hebergement\/#breadcrumb\",\"itemListElement\":[{\"@type\":\"ListItem\",\"position\":1,\"name\":\"Home\",\"item\":\"https:\/\/palaceresidence.it\/fr\/home-fr\/\"},{\"@type\":\"ListItem\",\"position\":2,\"name\":\"H\u00e9bergement\"}]},{\"@type\":\"WebSite\",\"@id\":\"https:\/\/palaceresidence.it\/#website\",\"url\":\"https:\/\/palaceresidence.it\/\",\"name\":\"palaceresidence.it\",\"description\":\"\",\"potentialAction\":[{\"@type\":\"SearchAction\",\"target\":{\"@type\":\"EntryPoint\",\"urlTemplate\":\"https:\/\/palaceresidence.it\/?s={search_term_string}\"},\"query-input\":{\"@type\":\"PropertyValueSpecification\",\"valueRequired\":true,\"valueName\":\"search_term_string\"}}],\"inLanguage\":\"fr-FR\"}]}<\/script>\n<!-- \/ Yoast SEO plugin. -->","yoast_head_json":{"title":"H\u00e9bergement - palaceresidence.it","robots":{"index":"index","follow":"follow","max-snippet":"max-snippet:-1","max-image-preview":"max-image-preview:large","max-video-preview":"max-video-preview:-1"},"canonical":"https:\/\/palaceresidence.it\/hebergement\/","og_locale":"fr_FR","og_type":"article","og_title":"H\u00e9bergement - palaceresidence.it","og_url":"https:\/\/palaceresidence.it\/hebergement\/","og_site_name":"palaceresidence.it","twitter_card":"summary_large_image","schema":{"@context":"https:\/\/schema.org","@graph":[{"@type":"WebPage","@id":"https:\/\/palaceresidence.it\/hebergement\/","url":"https:\/\/palaceresidence.it\/hebergement\/","name":"H\u00e9bergement - palaceresidence.it","isPartOf":{"@id":"https:\/\/palaceresidence.it\/#website"},"datePublished":"2025-01-21T14:45:55+00:00","breadcrumb":{"@id":"https:\/\/palaceresidence.it\/hebergement\/#breadcrumb"},"inLanguage":"fr-FR","potentialAction":[{"@type":"ReadAction","target":["https:\/\/palaceresidence.it\/hebergement\/"]}]},{"@type":"BreadcrumbList","@id":"https:\/\/palaceresidence.it\/hebergement\/#breadcrumb","itemListElement":[{"@type":"ListItem","position":1,"name":"Home","item":"https:\/\/palaceresidence.it\/fr\/home-fr\/"},{"@type":"ListItem","position":2,"name":"H\u00e9bergement"}]},{"@type":"WebSite","@id":"https:\/\/palaceresidence.it\/#website","url":"https:\/\/palaceresidence.it\/","name":"palaceresidence.it","description":"","potentialAction":[{"@type":"SearchAction","target":{"@type":"EntryPoint","urlTemplate":"https:\/\/palaceresidence.it\/?s={search_term_string}"},"query-input":{"@type":"PropertyValueSpecification","valueRequired":true,"valueName":"search_term_string"}}],"inLanguage":"fr-FR"}]}},"_links":{"self":[{"href":"https:\/\/palaceresidence.it\/fr\/wp-json\/wp\/v2\/pages\/1261","targetHints":{"allow":["GET"]}}],"collection":[{"href":"https:\/\/palaceresidence.it\/fr\/wp-json\/wp\/v2\/pages"}],"about":[{"href":"https:\/\/palaceresidence.it\/fr\/wp-json\/wp\/v2\/types\/page"}],"author":[{"embeddable":true,"href":"https:\/\/palaceresidence.it\/fr\/wp-json\/wp\/v2\/users\/1"}],"replies":[{"embeddable":true,"href":"https:\/\/palaceresidence.it\/fr\/wp-json\/wp\/v2\/comments?post=1261"}],"version-history":[{"count":0,"href":"https:\/\/palaceresidence.it\/fr\/wp-json\/wp\/v2\/pages\/1261\/revisions"}],"wp:attachment":[{"href":"https:\/\/palaceresidence.it\/fr\/wp-json\/wp\/v2\/media?parent=1261"}],"curies":[{"name":"wp","href":"https:\/\/api.w.org\/{rel}","templated":true}]}}